{"id":243301,"date":"2019-08-07T20:58:55","date_gmt":"2019-08-07T18:58:55","guid":{"rendered":"https:\/\/pellegrinelli.it\/?page_id=243301"},"modified":"2025-06-24T20:48:47","modified_gmt":"2025-06-24T18:48:47","slug":"wall-deco-retailer-milan","status":"publish","type":"page","link":"https:\/\/www.pellegrinelli.it\/en\/wall-deco-retailer-milan\/","title":{"rendered":"Wall&#038;dec\u00f2"},"content":{"rendered":"<p>[et_pb_section fb_built=&#8221;1&#8243; custom_padding_last_edited=&#8221;on|tablet&#8221; admin_label=&#8221;About &#8211; Impi &#8211; Header Image 1900px x 462px&#8221; module_class=&#8221;impi_services_page_header&#8221; _builder_version=&#8221;4.16&#8243; background_color=&#8221;#5b5b5b&#8221; background_image=&#8221;https:\/\/pellegrinelli.it\/wp-content\/uploads\/2019\/04\/home3.jpg&#8221; background_blend=&#8221;multiply&#8221; custom_padding=&#8221;150px||0px|&#8221; custom_padding_tablet=&#8221;60px|||&#8221; custom_padding_phone=&#8221;&#8221; global_colors_info=&#8221;{}&#8221;][et_pb_row _builder_version=&#8221;4.16&#8243; background_size=&#8221;initial&#8221; background_position=&#8221;top_left&#8221; background_repeat=&#8221;repeat&#8221; max_width=&#8221;1170px&#8221; use_custom_width=&#8221;on&#8221; custom_width_px=&#8221;1170px&#8221; global_colors_info=&#8221;{}&#8221;][et_pb_column type=&#8221;4_4&#8243; _builder_version=&#8221;4.16&#8243; custom_padding=&#8221;|||&#8221; global_colors_info=&#8221;{}&#8221; custom_padding__hover=&#8221;|||&#8221;][et_pb_text admin_label=&#8221;About &#8211; Impi &#8211; Our story Header&#8221; _builder_version=&#8221;4.16&#8243; text_font=&#8221;Montserrat|700||on|||||&#8221; text_text_color=&#8221;#ffffff&#8221; text_font_size=&#8221;30px&#8221; text_line_height=&#8221;135%&#8221; max_width=&#8221;400px&#8221; text_font_size_tablet=&#8221;&#8221; text_font_size_phone=&#8221;26px&#8221; text_font_size_last_edited=&#8221;on|phone&#8221; global_colors_info=&#8221;{}&#8221;]<\/p>\n<p>\nWALL&amp;DEC\u00f2<\/p>\n<p>[\/et_pb_text][\/et_pb_column][\/et_pb_row][et_pb_row custom_padding_last_edited=&#8221;on|tablet&#8221; _builder_version=&#8221;4.16&#8243; max_width=&#8221;1170px&#8221; custom_padding=&#8221;104px||0px|&#8221; custom_padding_tablet=&#8221;40px|||&#8221; custom_padding_phone=&#8221;&#8221; use_custom_width=&#8221;on&#8221; custom_width_px=&#8221;1170px&#8221; global_colors_info=&#8221;{}&#8221;][et_pb_column type=&#8221;4_4&#8243; _builder_version=&#8221;4.16&#8243; custom_padding=&#8221;|||&#8221; custom_css_main_element=&#8221; text-align: right;&#8221; global_colors_info=&#8221;{}&#8221; custom_padding__hover=&#8221;|||&#8221;][et_pb_button button_url=&#8221;#&#8221; button_text=&#8221;Guarda i nostri lavori&#8221; admin_label=&#8221;About &#8211; Impi &#8211; Button View Our Work&#8221; _builder_version=&#8221;4.16&#8243; custom_button=&#8221;on&#8221; button_text_size=&#8221;13px&#8221; button_text_color=&#8221;#353535&#8243; button_bg_color=&#8221;#f1f1f0&#8243; button_border_color=&#8221;#f1f1f0&#8243; button_border_radius=&#8221;0px&#8221; button_font=&#8221;Montserrat|500||on|||||&#8221; button_use_icon=&#8221;off&#8221; custom_margin=&#8221;|1px|0px|&#8221; custom_padding=&#8221;13px|20px|15px|20px&#8221; custom_css_main_element=&#8221;text-align:center;|| min-width: 200px;&#8221; button_text_color_hover=&#8221;#f1f1f0&#8243; button_border_color_hover=&#8221;#353535&#8243; button_bg_color_hover=&#8221;#353535&#8243; global_colors_info=&#8221;{}&#8221; button_text_size__hover_enabled=&#8221;off&#8221; button_one_text_size__hover_enabled=&#8221;off&#8221; button_two_text_size__hover_enabled=&#8221;off&#8221; button_text_color__hover_enabled=&#8221;on&#8221; button_text_color__hover=&#8221;#f1f1f0&#8243; button_one_text_color__hover_enabled=&#8221;off&#8221; button_two_text_color__hover_enabled=&#8221;off&#8221; button_border_width__hover_enabled=&#8221;off&#8221; button_one_border_width__hover_enabled=&#8221;off&#8221; button_two_border_width__hover_enabled=&#8221;off&#8221; button_border_color__hover_enabled=&#8221;on&#8221; button_border_color__hover=&#8221;#353535&#8243; button_one_border_color__hover_enabled=&#8221;off&#8221; button_two_border_color__hover_enabled=&#8221;off&#8221; button_border_radius__hover_enabled=&#8221;off&#8221; button_one_border_radius__hover_enabled=&#8221;off&#8221; button_two_border_radius__hover_enabled=&#8221;off&#8221; button_letter_spacing__hover_enabled=&#8221;off&#8221; button_one_letter_spacing__hover_enabled=&#8221;off&#8221; button_two_letter_spacing__hover_enabled=&#8221;off&#8221; button_bg_color__hover_enabled=&#8221;on&#8221; button_bg_color__hover=&#8221;#353535&#8243; button_one_bg_color__hover_enabled=&#8221;off&#8221; button_two_bg_color__hover_enabled=&#8221;off&#8221;][\/et_pb_button][et_pb_button button_url=&#8221;#&#8221; button_text=&#8221;Rimaniamo in contatto&#8221; admin_label=&#8221;About &#8211; Impi &#8211; Button Contact Us&#8221; _builder_version=&#8221;4.16&#8243; custom_button=&#8221;on&#8221; button_text_size=&#8221;13px&#8221; button_text_color=&#8221;#353535&#8243; button_bg_color=&#8221;#f1f1f0&#8243; button_border_color=&#8221;#f1f1f0&#8243; button_border_radius=&#8221;0px&#8221; button_font=&#8221;Montserrat|500||on|||||&#8221; button_use_icon=&#8221;off&#8221; custom_padding=&#8221;13px|20px|15px|20px&#8221; custom_css_main_element=&#8221;text-align:center;|| min-width: 200px;&#8221; button_text_color_hover=&#8221;#f1f1f0&#8243; button_border_color_hover=&#8221;#353535&#8243; button_bg_color_hover=&#8221;#353535&#8243; global_colors_info=&#8221;{}&#8221; button_text_size__hover_enabled=&#8221;off&#8221; button_one_text_size__hover_enabled=&#8221;off&#8221; button_two_text_size__hover_enabled=&#8221;off&#8221; button_text_color__hover_enabled=&#8221;on&#8221; button_text_color__hover=&#8221;#f1f1f0&#8243; button_one_text_color__hover_enabled=&#8221;off&#8221; button_two_text_color__hover_enabled=&#8221;off&#8221; button_border_width__hover_enabled=&#8221;off&#8221; button_one_border_width__hover_enabled=&#8221;off&#8221; button_two_border_width__hover_enabled=&#8221;off&#8221; button_border_color__hover_enabled=&#8221;on&#8221; button_border_color__hover=&#8221;#353535&#8243; button_one_border_color__hover_enabled=&#8221;off&#8221; button_two_border_color__hover_enabled=&#8221;off&#8221; button_border_radius__hover_enabled=&#8221;off&#8221; button_one_border_radius__hover_enabled=&#8221;off&#8221; button_two_border_radius__hover_enabled=&#8221;off&#8221; button_letter_spacing__hover_enabled=&#8221;off&#8221; button_one_letter_spacing__hover_enabled=&#8221;off&#8221; button_two_letter_spacing__hover_enabled=&#8221;off&#8221; button_bg_color__hover_enabled=&#8221;on&#8221; button_bg_color__hover=&#8221;#353535&#8243; button_one_bg_color__hover_enabled=&#8221;off&#8221; button_two_bg_color__hover_enabled=&#8221;off&#8221;][\/et_pb_button][\/et_pb_column][\/et_pb_row][\/et_pb_section][et_pb_section fb_built=&#8221;1&#8243; custom_padding_last_edited=&#8221;on|desktop&#8221; admin_label=&#8221;See What Content &#8211; Impi&#8221; module_class=&#8221;impi_about_page_intro&#8221; _builder_version=&#8221;4.16&#8243; background_color=&#8221;#efefef&#8221; custom_padding=&#8221;44px||24px||false|false&#8221; custom_padding_tablet=&#8221;40px||20px|&#8221; custom_padding_phone=&#8221;&#8221; global_colors_info=&#8221;{}&#8221;][et_pb_row _builder_version=&#8221;4.16&#8243; background_size=&#8221;initial&#8221; background_position=&#8221;top_left&#8221; background_repeat=&#8221;repeat&#8221; max_width=&#8221;1170px&#8221; custom_padding=&#8221;14px||23px||false|false&#8221; use_custom_width=&#8221;on&#8221; custom_width_px=&#8221;1170px&#8221; global_colors_info=&#8221;{}&#8221;][et_pb_column type=&#8221;4_4&#8243; _builder_version=&#8221;4.16&#8243; custom_padding=&#8221;|||&#8221; custom_css_main_element=&#8221; margin-bottom: 0 !important;&#8221; global_colors_info=&#8221;{}&#8221; custom_padding__hover=&#8221;|||&#8221;][et_pb_text admin_label=&#8221;See What Content &#8211; Impi &#8211; Welcome Header&#8221; _builder_version=&#8221;4.16&#8243; text_font=&#8221;Montserrat|700||on|||||&#8221; text_text_color=&#8221;#444444&#8243; text_font_size=&#8221;53px&#8221; text_line_height=&#8221;135%&#8221; header_font=&#8221;Montserrat|700|||||||&#8221; text_font_size_tablet=&#8221;30px&#8221; text_font_size_phone=&#8221;26px&#8221; text_font_size_last_edited=&#8221;on|phone&#8221; custom_css_before=&#8221; content: %22%22;|| display: block;|| background-color: #d0c6bb;|| width: 30px;|| height: 30px;|| bottom: 0;|| left: 0;|| transition: all 400ms cubic-bezier(0.23,1,0.32,1);|| margin-bottom: 27px;&#8221; global_colors_info=&#8221;{}&#8221;]<\/p>\n<h1>PELLEGRINELLI ARREDA IS AN OFFICIAL WALL&amp;DEC\u00d2 RETAILER IN THE MILAN AREA. IN OUR SHOWROOMS ARE AVAILABLE MANY MODELS OF WALLPAPER FOR INDOOR AND OUTDOOR SPACES.<\/h1>\n<p>[\/et_pb_text][\/et_pb_column][\/et_pb_row][et_pb_row custom_padding_last_edited=&#8221;on|desktop&#8221; _builder_version=&#8221;4.16&#8243; background_size=&#8221;initial&#8221; background_position=&#8221;top_left&#8221; background_repeat=&#8221;repeat&#8221; max_width=&#8221;1170px&#8221; custom_padding=&#8221;0px|||&#8221; custom_padding_tablet=&#8221;0px|||&#8221; custom_padding_phone=&#8221;&#8221; use_custom_width=&#8221;on&#8221; custom_width_px=&#8221;1170px&#8221; global_colors_info=&#8221;{}&#8221;][et_pb_column type=&#8221;4_4&#8243; _builder_version=&#8221;4.16&#8243; custom_padding=&#8221;|||&#8221; global_colors_info=&#8221;{}&#8221; custom_padding__hover=&#8221;|||&#8221;][et_pb_text admin_label=&#8221;See What Content &#8211; Impi &#8211; Intro Text Left Col&#8221; _builder_version=&#8221;4.16&#8243; text_font=&#8221;Lato||||||||&#8221; text_text_color=&#8221;#867e7a&#8221; text_font_size=&#8221;16px&#8221; text_line_height=&#8221;185%&#8221; global_colors_info=&#8221;{}&#8221;]<\/p>\n<p>Born in 2005 from an idea of Christian Benini, <strong>Wall&amp;dec\u00f2<\/strong> is a company specializing in the <strong>design and production of wallpapers<\/strong>. The brand has contributed substantially to changing how the product is created in <strong>Italy<\/strong> and around the world. Thanks to Wall&amp;Dec\u00f2, wallpaper has found a new space in the home, becoming a way to express the style and personality of those who live in it.<\/p>\n<p>The suggestion of the images has always attracted the attention of architects and designers, and that has made the company the symbol of a movement that has redefined the aesthetics of wall decoration. The style is now based on <strong>macro-images and enlargements<\/strong> that give much prominence to the material effect.<\/p>\n<p>Today Wall&amp;Dec\u00f2&#8217;s offer is composed of f<strong>our different lines<\/strong>, all designed to meet specific needs arising from the use in different environments of the house: CONTEMPORARY WALLPAPER is the line of wallpaper dedicated to interiors, ESSENTIAL WALLPAPAER is a range of products with special textures, OUT SYSTEM&#x2122; is ideal for external wall coverings, while WET SYSTEM&#x2122; is designed as a coating for wet environments such as bathrooms and showers. These collections are accompanied by STYLE COLORS, a range of exclusive Wall&amp;Dec\u00f2 wall paints developed to match the brand&#8217;s wallpaper tales.<\/p>\n<p><strong>The Pellegrinelli Arreda showrooms in Milan and Cesate are among the official Wall&amp;dec\u00f2 retailers<\/strong>. Customers can see the quality of the brand&#8217;s proposals and be helped in the choice of products by the sales staff, interior designers and personal shoppers who work for the company, to be sure to select the right wallpaper for each environment.<\/p>\n<p>[\/et_pb_text][\/et_pb_column][\/et_pb_row][\/et_pb_section][et_pb_section fb_built=&#8221;1&#8243; _builder_version=&#8221;4.16&#8243; custom_padding=&#8221;0|0px|82px|0px|false|false&#8221; global_colors_info=&#8221;{}&#8221;][et_pb_row use_custom_gutter=&#8221;on&#8221; gutter_width=&#8221;1&#8243; _builder_version=&#8221;4.16&#8243; width=&#8221;100%&#8221; max_width=&#8221;100%&#8221; custom_padding=&#8221;0|0px|0|0px|false|false&#8221; use_custom_width=&#8221;on&#8221; width_unit=&#8221;off&#8221; custom_width_percent=&#8221;100%&#8221; global_colors_info=&#8221;{}&#8221;][et_pb_column type=&#8221;4_4&#8243; _builder_version=&#8221;4.16&#8243; custom_padding=&#8221;|||&#8221; global_colors_info=&#8221;{}&#8221; custom_padding__hover=&#8221;|||&#8221;][et_pb_gallery gallery_ids=&#8221;243268,243272,243274,243270&#8243; posts_number=&#8221;20&#8243; show_title_and_caption=&#8221;off&#8221; show_pagination=&#8221;off&#8221; _builder_version=&#8221;4.16&#8243; max_width_last_edited=&#8221;off|desktop&#8221; global_colors_info=&#8221;{}&#8221;][\/et_pb_gallery][\/et_pb_column][\/et_pb_row][et_pb_row custom_padding_last_edited=&#8221;on|desktop&#8221; _builder_version=&#8221;4.16&#8243; background_size=&#8221;initial&#8221; background_position=&#8221;top_left&#8221; background_repeat=&#8221;repeat&#8221; max_width=&#8221;1170px&#8221; custom_margin=&#8221;14px||&#8221; custom_padding=&#8221;0px||5px||false|false&#8221; custom_padding_tablet=&#8221;0px|||&#8221; custom_padding_phone=&#8221;&#8221; use_custom_width=&#8221;on&#8221; custom_width_px=&#8221;1170px&#8221; global_colors_info=&#8221;{}&#8221;][et_pb_column type=&#8221;4_4&#8243; _builder_version=&#8221;4.16&#8243; custom_padding=&#8221;|||&#8221; global_colors_info=&#8221;{}&#8221; custom_padding__hover=&#8221;|||&#8221;][et_pb_text admin_label=&#8221;See What Content &#8211; Impi &#8211; Welcome Header&#8221; _builder_version=&#8221;4.16&#8243; text_font=&#8221;Montserrat|700||on|||||&#8221; text_text_color=&#8221;#444444&#8243; text_font_size=&#8221;53px&#8221; text_line_height=&#8221;135%&#8221; header_font=&#8221;Montserrat|700|||||||&#8221; text_font_size_tablet=&#8221;30px&#8221; text_font_size_phone=&#8221;26px&#8221; text_font_size_last_edited=&#8221;on|phone&#8221; custom_css_before=&#8221; content: %22%22;|| display: block;|| background-color: #d0c6bb;|| width: 30px;|| height: 30px;|| bottom: 0;|| left: 0;|| transition: all 400ms cubic-bezier(0.23,1,0.32,1);|| margin-bottom: 27px;&#8221; global_colors_info=&#8221;{}&#8221;]<\/p>\n<h2>PELLEGRINELLI ARREDA: THE WALL&amp;DEC\u00d2 OFFERINGS IN THE RETAILER&#8217;S CATALOGUE<\/h2>\n<p>[\/et_pb_text][et_pb_text admin_label=&#8221;See What Content &#8211; Impi &#8211; Intro Text Left Col&#8221; _builder_version=&#8221;4.16&#8243; text_font=&#8221;Lato||||||||&#8221; text_text_color=&#8221;#867e7a&#8221; text_font_size=&#8221;16px&#8221; text_line_height=&#8221;185%&#8221; global_colors_info=&#8221;{}&#8221;]<\/p>\n<p>The Wall&amp;dec\u00f2 catalogue is enriched every year with new, <strong>unique and original proposals<\/strong>, products that allow the creativity and imagination of customers to run free to create a home that reflects their needs and their personality to the end.<\/p>\n<p><strong>Delove<\/strong> by Mar\u00eda G\u00f3mez Garc\u00eda represents the maximum expression of Wall&amp;Dec\u00f2&#8217;s mission and philosophy, that is the expression of a new aesthetic of wall decoration with a strong visual impact that allows creating suggestive atmospheres.<\/p>\n<p><strong>Nori<\/strong> by Studio Pepe is an ecological and fire-retardant relief wallpaper in synthetic material, available in three energetic colours and perfect for any room in the house.<\/p>\n<p>Great success has also been achieved by<strong> 4 Season Twill by Bertero Projects<\/strong>, one of the brand&#8217;s most recent products. The outdoor wallpaper is made of vinyl and non-woven fabric and has a geometric pattern so particular and refined that it leaves everyone speechless.<\/p>\n<blockquote>\n<p>To discover these and other Wall&amp;dec\u00f2 wallpaper models you can visit the Pellegrinelli Arreda showrooms in Milan and Cesate.<\/p>\n<\/blockquote>\n<p>[\/et_pb_text][\/et_pb_column][\/et_pb_row][\/et_pb_section]<\/p>\n","protected":false},"excerpt":{"rendered":"<p>WALL&amp;DEC\u00f2 PELLEGRINELLI ARREDA IS AN OFFICIAL WALL&amp;DEC\u00d2 RETAILER IN THE MILAN AREA. IN OUR SHOWROOMS ARE AVAILABLE MANY MODELS OF WALLPAPER FOR INDOOR AND OUTDOOR SPACES. Born in 2005 from an idea of Christian Benini, Wall&amp;dec\u00f2 is a company specializing in the design and production of wallpapers. The brand has contributed substantially to changing how [&hellip;]<\/p>\n","protected":false},"author":1,"featured_media":0,"parent":0,"menu_order":0,"comment_status":"closed","ping_status":"closed","template":"","meta":{"_et_pb_use_builder":"on","_et_pb_old_content":"","_et_gb_content_width":"","footnotes":""},"class_list":["post-243301","page","type-page","status-publish","hentry"],"_links":{"self":[{"href":"https:\/\/www.pellegrinelli.it\/en\/wp-json\/wp\/v2\/pages\/243301","targetHints":{"allow":["GET"]}}],"collection":[{"href":"https:\/\/www.pellegrinelli.it\/en\/wp-json\/wp\/v2\/pages"}],"about":[{"href":"https:\/\/www.pellegrinelli.it\/en\/wp-json\/wp\/v2\/types\/page"}],"author":[{"embeddable":true,"href":"https:\/\/www.pellegrinelli.it\/en\/wp-json\/wp\/v2\/users\/1"}],"replies":[{"embeddable":true,"href":"https:\/\/www.pellegrinelli.it\/en\/wp-json\/wp\/v2\/comments?post=243301"}],"version-history":[{"count":5,"href":"https:\/\/www.pellegrinelli.it\/en\/wp-json\/wp\/v2\/pages\/243301\/revisions"}],"predecessor-version":[{"id":246852,"href":"https:\/\/www.pellegrinelli.it\/en\/wp-json\/wp\/v2\/pages\/243301\/revisions\/246852"}],"wp:attachment":[{"href":"https:\/\/www.pellegrinelli.it\/en\/wp-json\/wp\/v2\/media?parent=243301"}],"curies":[{"name":"wp","href":"https:\/\/api.w.org\/{rel}","templated":true}]}}